{"id":646,"date":"2024-03-04T22:14:07","date_gmt":"2024-03-04T22:14:07","guid":{"rendered":"http:\/\/orilux.fi\/help-info\/"},"modified":"2024-10-11T21:05:06","modified_gmt":"2024-10-11T21:05:06","slug":"help-info","status":"publish","type":"page","link":"https:\/\/orilux.fi\/fi\/help-info\/","title":{"rendered":"Help &#038; Info"},"content":{"rendered":"<div id=\"fb-root\"><\/div>\n\t\t<div data-elementor-type=\"wp-page\" data-elementor-id=\"646\" class=\"elementor elementor-646\" data-elementor-post-type=\"page\">\n\t\t\t\t<div class=\"elementor-element elementor-element-3fc23c3e e-flex e-con-boxed e-con e-parent\" data-id=\"3fc23c3e\" data-element_type=\"container\" data-e-type=\"container\">\n\t\t\t\t\t<div class=\"e-con-inner\">\n\t\t\t\t<div class=\"elementor-element elementor-element-5a7782fb elementor-widget elementor-widget-heading\" data-id=\"5a7782fb\" data-element_type=\"widget\" data-e-type=\"widget\" data-widget_type=\"heading.default\">\n\t\t\t\t<div class=\"elementor-widget-container\">\n\t\t\t\t\t<h1 class=\"elementor-heading-title elementor-size-default\">Ohjeet ja tiedot<\/h1>\t\t\t\t<\/div>\n\t\t\t\t<\/div>\n\t\t\t\t<div class=\"elementor-element elementor-element-4fd4f74b elementor-widget-mobile__width-inherit elementor-widget elementor-widget-heading\" data-id=\"4fd4f74b\" data-element_type=\"widget\" data-e-type=\"widget\" data-widget_type=\"heading.default\">\n\t\t\t\t<div class=\"elementor-widget-container\">\n\t\t\t\t\t<h2 class=\"elementor-heading-title elementor-size-default\">Toimitus<\/h2>\t\t\t\t<\/div>\n\t\t\t\t<\/div>\n\t\t\t\t<div class=\"elementor-element elementor-element-278fc84f elementor-icon-list--layout-traditional elementor-list-item-link-full_width elementor-widget elementor-widget-icon-list\" data-id=\"278fc84f\" data-element_type=\"widget\" data-e-type=\"widget\" data-widget_type=\"icon-list.default\">\n\t\t\t\t<div class=\"elementor-widget-container\">\n\t\t\t\t\t\t\t<ul class=\"elementor-icon-list-items\">\n\t\t\t\t\t\t\t<li class=\"elementor-icon-list-item\">\n\t\t\t\t\t\t\t\t\t\t\t<span class=\"elementor-icon-list-icon\">\n\t\t\t\t\t\t\t<i aria-hidden=\"true\" class=\"fas fa-square-full\"><\/i>\t\t\t\t\t\t<\/span>\n\t\t\t\t\t\t\t\t\t\t<span class=\"elementor-icon-list-text\">Toimitusehdot<\/span>\n\t\t\t\t\t\t\t\t\t<\/li>\n\t\t\t\t\t\t<\/ul>\n\t\t\t\t\t\t<\/div>\n\t\t\t\t<\/div>\n\t\t\t\t<div class=\"elementor-element elementor-element-5d7cce24 elementor-widget elementor-widget-text-editor\" data-id=\"5d7cce24\" data-element_type=\"widget\" data-e-type=\"widget\" data-widget_type=\"text-editor.default\">\n\t\t\t\t<div class=\"elementor-widget-container\">\n\t\t\t\t\t\t\t\t\t<p>1. Palveluntarjoaja j\u00e4rjest\u00e4\u00e4 tuotteiden toimituksen k\u00e4ytt\u00e4jille kolmannen osapuolen kuljetussopimuksen kautta.<\/p><p>2. Toimitusmaksuja sovelletaan jokaiseen tilaukseen, ja ne n\u00e4kyv\u00e4t verkkosivuston Toimitustapa-osiossa.<\/p><p>3. Toimitusajat vaihtelevat tuotteen saatavuuden, m\u00e4\u00e4r\u00e4np\u00e4\u00e4n ja valitun toimitustavan mukaan. Arvioidut toimitusajat ilmoitetaan verkkosivustolla, ja ne voivat muuttua ilman erillist\u00e4 ilmoitusta.<\/p><p>4. Myyj\u00e4 ei ole vastuussa ylivoimaisesta esteest\u00e4 johtuvista viiv\u00e4styksist\u00e4 tai toimituksen viiv\u00e4stymisest\u00e4 johtuvista v\u00e4lillisist\u00e4 vahingoista.<\/p><p>5. K\u00e4ytt\u00e4j\u00e4t ovat vastuussa siit\u00e4, ett\u00e4 heid\u00e4n tilauksensa sis\u00e4lt\u00f6 on kohdemaan tuontim\u00e4\u00e4r\u00e4ysten mukainen. Myyj\u00e4 pid\u00e4tt\u00e4\u00e4 oikeuden poistaa tilauksesta tuotteet, jotka rikkovat kohdemaan tuontirajoituksia. T\u00e4llaisissa tapauksissa Myyj\u00e4 voi palauttaa poistettujen tuotteiden kustannukset.<\/p><p>6. Myyj\u00e4 pid\u00e4tt\u00e4\u00e4 oikeuden toimittaa tilatut tuotteet useissa l\u00e4hetyksiss\u00e4.<\/p><p>7. K\u00e4ytt\u00e4jien on annettava tarkat toimitustiedot tilauksen tekemisen yhteydess\u00e4. Virheellisist\u00e4 osoitetiedoista aiheutuvat ylim\u00e4\u00e4r\u00e4iset toimituskulut ovat k\u00e4ytt\u00e4j\u00e4n vastuulla.<\/p><p>8. Myyj\u00e4 vastaa tuotteen katoamisesta tai vahingoittumisesta kuljetuksen aikana.<\/p><p>N\u00e4iss\u00e4 toimitusehdoissa m\u00e4\u00e4ritell\u00e4\u00e4n sek\u00e4 myyj\u00e4n ett\u00e4 k\u00e4ytt\u00e4j\u00e4n vastuut Oriluxin verkkopalvelun kautta ostettujen tuotteiden toimittamisesta.<\/p>\t\t\t\t\t\t\t\t<\/div>\n\t\t\t\t<\/div>\n\t\t\t\t<div class=\"elementor-element elementor-element-26830706 elementor-icon-list--layout-traditional elementor-list-item-link-full_width elementor-widget elementor-widget-icon-list\" data-id=\"26830706\" data-element_type=\"widget\" data-e-type=\"widget\" data-widget_type=\"icon-list.default\">\n\t\t\t\t<div class=\"elementor-widget-container\">\n\t\t\t\t\t\t\t<ul class=\"elementor-icon-list-items\">\n\t\t\t\t\t\t\t<li class=\"elementor-icon-list-item\">\n\t\t\t\t\t\t\t\t\t\t\t<span class=\"elementor-icon-list-icon\">\n\t\t\t\t\t\t\t<i aria-hidden=\"true\" class=\"fas fa-square-full\"><\/i>\t\t\t\t\t\t<\/span>\n\t\t\t\t\t\t\t\t\t\t<span class=\"elementor-icon-list-text\">Toimitus<\/span>\n\t\t\t\t\t\t\t\t\t<\/li>\n\t\t\t\t\t\t<\/ul>\n\t\t\t\t\t\t<\/div>\n\t\t\t\t<\/div>\n\t\t\t\t<div class=\"elementor-element elementor-element-7b94d251 elementor-widget elementor-widget-text-editor\" data-id=\"7b94d251\" data-element_type=\"widget\" data-e-type=\"widget\" data-widget_type=\"text-editor.default\">\n\t\t\t\t<div class=\"elementor-widget-container\">\n\t\t\t\t\t\t\t\t\t<p>Lorem ipsum dolor sit amet, consectet adipiscing\u00a0elit,sed do eiusm por incididunt ut labore et dolore magna aliqua. Ut enim ad minim veniam, quis nostrud exercitation ullamco laboris nisi ut aliquip ex ea sint occaecat cupidatat non proident, sunt in culpa qui officia mollit natoque consequat massa quis enim. Donec pede justo, fringilla vitae, eleifend acer sem neque sed ipsum. Nam quam nunc, blandit vel, ridiculus mus. Donec quam felis, ultricies nec, pellentesque eu<\/p>\t\t\t\t\t\t\t\t<\/div>\n\t\t\t\t<\/div>\n\t\t\t\t<div class=\"elementor-element elementor-element-608ca4ee elementor-widget-mobile__width-inherit elementor-widget elementor-widget-heading\" data-id=\"608ca4ee\" data-element_type=\"widget\" data-e-type=\"widget\" id=\"returns&amp;exchanges\" data-widget_type=\"heading.default\">\n\t\t\t\t<div class=\"elementor-widget-container\">\n\t\t\t\t\t<h2 class=\"elementor-heading-title elementor-size-default\">Palautukset &amp; Vaihto<\/h2>\t\t\t\t<\/div>\n\t\t\t\t<\/div>\n\t\t\t\t<div class=\"elementor-element elementor-element-366b082e elementor-icon-list--layout-traditional elementor-list-item-link-full_width elementor-widget elementor-widget-icon-list\" data-id=\"366b082e\" data-element_type=\"widget\" data-e-type=\"widget\" data-widget_type=\"icon-list.default\">\n\t\t\t\t<div class=\"elementor-widget-container\">\n\t\t\t\t\t\t\t<ul class=\"elementor-icon-list-items\">\n\t\t\t\t\t\t\t<li class=\"elementor-icon-list-item\">\n\t\t\t\t\t\t\t\t\t\t\t<span class=\"elementor-icon-list-icon\">\n\t\t\t\t\t\t\t<i aria-hidden=\"true\" class=\"fas fa-square-full\"><\/i>\t\t\t\t\t\t<\/span>\n\t\t\t\t\t\t\t\t\t\t<span class=\"elementor-icon-list-text\">Palauttaa<\/span>\n\t\t\t\t\t\t\t\t\t<\/li>\n\t\t\t\t\t\t<\/ul>\n\t\t\t\t\t\t<\/div>\n\t\t\t\t<\/div>\n\t\t\t\t<div class=\"elementor-element elementor-element-4f4f9138 elementor-widget elementor-widget-text-editor\" data-id=\"4f4f9138\" data-element_type=\"widget\" data-e-type=\"widget\" data-widget_type=\"text-editor.default\">\n\t\t\t\t<div class=\"elementor-widget-container\">\n\t\t\t\t\t\t\t\t\t<p>1. Sovellettavien kuluttajansuojalakien mukaisesti k\u00e4ytt\u00e4jill\u00e4 on oikeus peruuttaa tilaus ilmoittamalla siit\u00e4 Myyj\u00e4lle nelj\u00e4ntoista (14) p\u00e4iv\u00e4n kuluessa tuotteiden vastaanottamisesta.<\/p><p>2. Palautuksen saaminen edellytt\u00e4\u00e4, ett\u00e4 seuraavat ehdot t\u00e4yttyv\u00e4t:<\/p><ul><li>Peruutuspyynt\u00f6 tulee tehd\u00e4 myyj\u00e4lle 14 p\u00e4iv\u00e4n kuluessa tuotteen vastaanottamisesta.<\/li><li>Tuotteen tulee olla k\u00e4ytt\u00e4m\u00e4t\u00f6n.<\/li><li>Tuotteen tulee olla alkuper\u00e4isess\u00e4 kunnossaan ja kaikki mukana tulevat osat.<\/li><li>Tuote tulee palauttaa alkuper\u00e4isess\u00e4 pakkauksessaan tai vastaavassa.<\/li><\/ul><p>3. K\u00e4ytt\u00e4jien on palautettava tuote viipym\u00e4tt\u00e4 tilauksen peruuttamisen j\u00e4lkeen.<\/p><p>4. K\u00e4ytt\u00e4j\u00e4t ovat vastuussa tuotteiden palauttamiseen liittyvist\u00e4 kuljetuskustannuksista ja riskeist\u00e4.<\/p>\t\t\t\t\t\t\t\t<\/div>\n\t\t\t\t<\/div>\n\t\t\t\t<div class=\"elementor-element elementor-element-2189c45a elementor-icon-list--layout-traditional elementor-list-item-link-full_width elementor-widget elementor-widget-icon-list\" data-id=\"2189c45a\" data-element_type=\"widget\" data-e-type=\"widget\" data-widget_type=\"icon-list.default\">\n\t\t\t\t<div class=\"elementor-widget-container\">\n\t\t\t\t\t\t\t<ul class=\"elementor-icon-list-items\">\n\t\t\t\t\t\t\t<li class=\"elementor-icon-list-item\">\n\t\t\t\t\t\t\t\t\t\t\t<span class=\"elementor-icon-list-icon\">\n\t\t\t\t\t\t\t<i aria-hidden=\"true\" class=\"fas fa-square-full\"><\/i>\t\t\t\t\t\t<\/span>\n\t\t\t\t\t\t\t\t\t\t<span class=\"elementor-icon-list-text\">Vaihtaa<\/span>\n\t\t\t\t\t\t\t\t\t<\/li>\n\t\t\t\t\t\t<\/ul>\n\t\t\t\t\t\t<\/div>\n\t\t\t\t<\/div>\n\t\t\t\t<div class=\"elementor-element elementor-element-49d4fbdb elementor-widget elementor-widget-text-editor\" data-id=\"49d4fbdb\" data-element_type=\"widget\" data-e-type=\"widget\" data-widget_type=\"text-editor.default\">\n\t\t\t\t<div class=\"elementor-widget-container\">\n\t\t\t\t\t\t\t\t\t<p>1. K\u00e4ytt\u00e4jien tulee ilmoittaa viallisista tai vaurioituneista tuotteista asiakaspalveluun v\u00e4litt\u00f6m\u00e4sti, mutta viimeist\u00e4\u00e4n 24 tunnin kuluessa tuotteiden vastaanottamisesta.<\/p><p>2. Myyj\u00e4 pyrkii korvaamaan vialliset tai vaurioituneet tuotteet vastaavilla. Jos vaihtaminen ei ole mahdollista, k\u00e4ytt\u00e4jille hyvitet\u00e4\u00e4n koko ostosumma.<\/p><p>3. Viat tai vauriot on dokumentoitava asianmukaisesti. Kuvat vahingoista tulee l\u00e4hett\u00e4\u00e4 myyj\u00e4lle s\u00e4hk\u00f6postitse.<\/p><p>4. K\u00e4ytt\u00e4jien on palautettava vialliset tai vaurioituneet tuotteet myyj\u00e4lle tarkastettavaksi.<\/p><p>5. Vaihto tai hyvitys my\u00f6nnet\u00e4\u00e4n, kun ilmoitettu vika tai vaurio on varmistettu.<\/p>\t\t\t\t\t\t\t\t<\/div>\n\t\t\t\t<\/div>\n\t\t\t\t<div class=\"elementor-element elementor-element-5d9a78ab elementor-widget-mobile__width-inherit elementor-widget elementor-widget-heading\" data-id=\"5d9a78ab\" data-element_type=\"widget\" data-e-type=\"widget\" id=\"faq\" data-widget_type=\"heading.default\">\n\t\t\t\t<div class=\"elementor-widget-container\">\n\t\t\t\t\t<h2 class=\"elementor-heading-title elementor-size-default\">Faq<\/h2>\t\t\t\t<\/div>\n\t\t\t\t<\/div>\n\t\t\t\t<div class=\"elementor-element elementor-element-74dbe595 elementor-widget elementor-widget-text-editor\" data-id=\"74dbe595\" data-element_type=\"widget\" data-e-type=\"widget\" data-widget_type=\"text-editor.default\">\n\t\t\t\t<div class=\"elementor-widget-container\">\n\t\t\t\t\t\t\t\t\t<p>Lorem ipsum dolor sit amet, consectet adipiscing\u00a0elit,sed do eiusm por incididunt ut labore et dolore magna aliqua. Ut enim ad minim veniam, quis nostrud exercitation ullamco laboris nisi ut aliquip ex ea sint occaecat cupidatat non proident, sunt in culpa qui officia mollit natoque consequat massa quis enim. Donec pede justo, fringilla vitae, eleifend acer sem neque sed ipsum. Nam quam nunc, blandit vel, ridiculus mus. Donec quam felis, ultricies nec, pellentesque eu<\/p>\t\t\t\t\t\t\t\t<\/div>\n\t\t\t\t<\/div>\n\t\t\t\t<div class=\"elementor-element elementor-element-79c42c5f elementor-widget elementor-widget-toggle\" data-id=\"79c42c5f\" data-element_type=\"widget\" data-e-type=\"widget\" data-widget_type=\"toggle.default\">\n\t\t\t\t<div class=\"elementor-widget-container\">\n\t\t\t\t\t\t\t<div class=\"elementor-toggle\">\n\t\t\t\t\t\t\t<div class=\"elementor-toggle-item\">\n\t\t\t\t\t<div id=\"elementor-tab-title-2041\" class=\"elementor-tab-title\" data-tab=\"1\" role=\"button\" aria-controls=\"elementor-tab-content-2041\" aria-expanded=\"false\">\n\t\t\t\t\t\t\t\t\t\t\t\t<span class=\"elementor-toggle-icon elementor-toggle-icon-right\" aria-hidden=\"true\">\n\t\t\t\t\t\t\t\t\t\t\t\t\t\t\t<span class=\"elementor-toggle-icon-closed\"><svg xmlns=\"http:\/\/www.w3.org\/2000\/svg\" id=\"e58557d6-aa1b-4b0c-8bc5-8e259947a37c\" data-name=\"Layer 1\" width=\"11\" height=\"11\" viewbox=\"0 0 11 11\"><polygon points=\"6 5 6 0 5 0 5 5 0 5 0 6 5 6 5 11 6 11 6 6 11 6 11 5 6 5\" style=\"fill-rule:evenodd\"><\/polygon><\/svg><\/span>\n\t\t\t\t\t\t\t\t<span class=\"elementor-toggle-icon-opened\"><svg xmlns=\"http:\/\/www.w3.org\/2000\/svg\" id=\"bf0eb473-cf1a-4939-87c4-e2ef9704da1d\" data-name=\"Layer 1\" width=\"11\" height=\"11\" viewbox=\"0 0 11 11\"><rect width=\"11\" height=\"11\" style=\"opacity:0\"><\/rect><rect y=\"5\" width=\"11\" height=\"1\"><\/rect><\/svg><\/span>\n\t\t\t\t\t\t\t\t\t\t\t\t\t<\/span>\n\t\t\t\t\t\t\t\t\t\t\t\t<a class=\"elementor-toggle-title\" tabindex=\"0\">How do I return an item?<\/a>\n\t\t\t\t\t<\/div>\n\n\t\t\t\t\t<div id=\"elementor-tab-content-2041\" class=\"elementor-tab-content elementor-clearfix\" data-tab=\"1\" role=\"region\" aria-labelledby=\"elementor-tab-title-2041\"><p>Lorem ipsum dolor sit amet, consectet adipiscing\u00a0elit,sed do eiusm por incididunt ut labore et dolore magna aliqua. Ut enim ad minim veniam, quis nostrud exercitation .<\/p><\/div>\n\t\t\t\t<\/div>\n\t\t\t\t\t\t\t<div class=\"elementor-toggle-item\">\n\t\t\t\t\t<div id=\"elementor-tab-title-2042\" class=\"elementor-tab-title\" data-tab=\"2\" role=\"button\" aria-controls=\"elementor-tab-content-2042\" aria-expanded=\"false\">\n\t\t\t\t\t\t\t\t\t\t\t\t<span class=\"elementor-toggle-icon elementor-toggle-icon-right\" aria-hidden=\"true\">\n\t\t\t\t\t\t\t\t\t\t\t\t\t\t\t<span class=\"elementor-toggle-icon-closed\"><svg xmlns=\"http:\/\/www.w3.org\/2000\/svg\" id=\"e58557d6-aa1b-4b0c-8bc5-8e259947a37c\" data-name=\"Layer 1\" width=\"11\" height=\"11\" viewbox=\"0 0 11 11\"><polygon points=\"6 5 6 0 5 0 5 5 0 5 0 6 5 6 5 11 6 11 6 6 11 6 11 5 6 5\" style=\"fill-rule:evenodd\"><\/polygon><\/svg><\/span>\n\t\t\t\t\t\t\t\t<span class=\"elementor-toggle-icon-opened\"><svg xmlns=\"http:\/\/www.w3.org\/2000\/svg\" id=\"bf0eb473-cf1a-4939-87c4-e2ef9704da1d\" data-name=\"Layer 1\" width=\"11\" height=\"11\" viewbox=\"0 0 11 11\"><rect width=\"11\" height=\"11\" style=\"opacity:0\"><\/rect><rect y=\"5\" width=\"11\" height=\"1\"><\/rect><\/svg><\/span>\n\t\t\t\t\t\t\t\t\t\t\t\t\t<\/span>\n\t\t\t\t\t\t\t\t\t\t\t\t<a class=\"elementor-toggle-title\" tabindex=\"0\">How long do I have to return an item?<\/a>\n\t\t\t\t\t<\/div>\n\n\t\t\t\t\t<div id=\"elementor-tab-content-2042\" class=\"elementor-tab-content elementor-clearfix\" data-tab=\"2\" role=\"region\" aria-labelledby=\"elementor-tab-title-2042\">Lorem ipsum dolor sit amet, consectet adipiscing\u00a0elit,sed do eiusm por incididunt ut labore et dolore magna aliqua. Ut enim ad minim veniam, quis nostrud exercitation .<\/div>\n\t\t\t\t<\/div>\n\t\t\t\t\t\t\t<div class=\"elementor-toggle-item\">\n\t\t\t\t\t<div id=\"elementor-tab-title-2043\" class=\"elementor-tab-title\" data-tab=\"3\" role=\"button\" aria-controls=\"elementor-tab-content-2043\" aria-expanded=\"false\">\n\t\t\t\t\t\t\t\t\t\t\t\t<span class=\"elementor-toggle-icon elementor-toggle-icon-right\" aria-hidden=\"true\">\n\t\t\t\t\t\t\t\t\t\t\t\t\t\t\t<span class=\"elementor-toggle-icon-closed\"><svg xmlns=\"http:\/\/www.w3.org\/2000\/svg\" id=\"e58557d6-aa1b-4b0c-8bc5-8e259947a37c\" data-name=\"Layer 1\" width=\"11\" height=\"11\" viewbox=\"0 0 11 11\"><polygon points=\"6 5 6 0 5 0 5 5 0 5 0 6 5 6 5 11 6 11 6 6 11 6 11 5 6 5\" style=\"fill-rule:evenodd\"><\/polygon><\/svg><\/span>\n\t\t\t\t\t\t\t\t<span class=\"elementor-toggle-icon-opened\"><svg xmlns=\"http:\/\/www.w3.org\/2000\/svg\" id=\"bf0eb473-cf1a-4939-87c4-e2ef9704da1d\" data-name=\"Layer 1\" width=\"11\" height=\"11\" viewbox=\"0 0 11 11\"><rect width=\"11\" height=\"11\" style=\"opacity:0\"><\/rect><rect y=\"5\" width=\"11\" height=\"1\"><\/rect><\/svg><\/span>\n\t\t\t\t\t\t\t\t\t\t\t\t\t<\/span>\n\t\t\t\t\t\t\t\t\t\t\t\t<a class=\"elementor-toggle-title\" tabindex=\"0\">Can I exchange my purchased item for another one?<\/a>\n\t\t\t\t\t<\/div>\n\n\t\t\t\t\t<div id=\"elementor-tab-content-2043\" class=\"elementor-tab-content elementor-clearfix\" data-tab=\"3\" role=\"region\" aria-labelledby=\"elementor-tab-title-2043\">Lorem ipsum dolor sit amet, consectet adipiscing\u00a0elit,sed do eiusm por incididunt ut labore et dolore magna aliqua. Ut enim ad minim veniam, quis nostrud exercitation .<\/div>\n\t\t\t\t<\/div>\n\t\t\t\t\t\t\t<div class=\"elementor-toggle-item\">\n\t\t\t\t\t<div id=\"elementor-tab-title-2044\" class=\"elementor-tab-title\" data-tab=\"4\" role=\"button\" aria-controls=\"elementor-tab-content-2044\" aria-expanded=\"false\">\n\t\t\t\t\t\t\t\t\t\t\t\t<span class=\"elementor-toggle-icon elementor-toggle-icon-right\" aria-hidden=\"true\">\n\t\t\t\t\t\t\t\t\t\t\t\t\t\t\t<span class=\"elementor-toggle-icon-closed\"><svg xmlns=\"http:\/\/www.w3.org\/2000\/svg\" id=\"e58557d6-aa1b-4b0c-8bc5-8e259947a37c\" data-name=\"Layer 1\" width=\"11\" height=\"11\" viewbox=\"0 0 11 11\"><polygon points=\"6 5 6 0 5 0 5 5 0 5 0 6 5 6 5 11 6 11 6 6 11 6 11 5 6 5\" style=\"fill-rule:evenodd\"><\/polygon><\/svg><\/span>\n\t\t\t\t\t\t\t\t<span class=\"elementor-toggle-icon-opened\"><svg xmlns=\"http:\/\/www.w3.org\/2000\/svg\" id=\"bf0eb473-cf1a-4939-87c4-e2ef9704da1d\" data-name=\"Layer 1\" width=\"11\" height=\"11\" viewbox=\"0 0 11 11\"><rect width=\"11\" height=\"11\" style=\"opacity:0\"><\/rect><rect y=\"5\" width=\"11\" height=\"1\"><\/rect><\/svg><\/span>\n\t\t\t\t\t\t\t\t\t\t\t\t\t<\/span>\n\t\t\t\t\t\t\t\t\t\t\t\t<a class=\"elementor-toggle-title\" tabindex=\"0\">How long does shipping take?<\/a>\n\t\t\t\t\t<\/div>\n\n\t\t\t\t\t<div id=\"elementor-tab-content-2044\" class=\"elementor-tab-content elementor-clearfix\" data-tab=\"4\" role=\"region\" aria-labelledby=\"elementor-tab-title-2044\">Lorem ipsum dolor sit amet, consectet adipiscing\u00a0elit,sed do eiusm por incididunt ut labore et dolore magna aliqua. Ut enim ad minim veniam, quis nostrud exercitation .<\/div>\n\t\t\t\t<\/div>\n\t\t\t\t\t\t\t<div class=\"elementor-toggle-item\">\n\t\t\t\t\t<div id=\"elementor-tab-title-2045\" class=\"elementor-tab-title\" data-tab=\"5\" role=\"button\" aria-controls=\"elementor-tab-content-2045\" aria-expanded=\"false\">\n\t\t\t\t\t\t\t\t\t\t\t\t<span class=\"elementor-toggle-icon elementor-toggle-icon-right\" aria-hidden=\"true\">\n\t\t\t\t\t\t\t\t\t\t\t\t\t\t\t<span class=\"elementor-toggle-icon-closed\"><svg xmlns=\"http:\/\/www.w3.org\/2000\/svg\" id=\"e58557d6-aa1b-4b0c-8bc5-8e259947a37c\" data-name=\"Layer 1\" width=\"11\" height=\"11\" viewbox=\"0 0 11 11\"><polygon points=\"6 5 6 0 5 0 5 5 0 5 0 6 5 6 5 11 6 11 6 6 11 6 11 5 6 5\" style=\"fill-rule:evenodd\"><\/polygon><\/svg><\/span>\n\t\t\t\t\t\t\t\t<span class=\"elementor-toggle-icon-opened\"><svg xmlns=\"http:\/\/www.w3.org\/2000\/svg\" id=\"bf0eb473-cf1a-4939-87c4-e2ef9704da1d\" data-name=\"Layer 1\" width=\"11\" height=\"11\" viewbox=\"0 0 11 11\"><rect width=\"11\" height=\"11\" style=\"opacity:0\"><\/rect><rect y=\"5\" width=\"11\" height=\"1\"><\/rect><\/svg><\/span>\n\t\t\t\t\t\t\t\t\t\t\t\t\t<\/span>\n\t\t\t\t\t\t\t\t\t\t\t\t<a class=\"elementor-toggle-title\" tabindex=\"0\">Which payment methods do you accept?<\/a>\n\t\t\t\t\t<\/div>\n\n\t\t\t\t\t<div id=\"elementor-tab-content-2045\" class=\"elementor-tab-content elementor-clearfix\" data-tab=\"5\" role=\"region\" aria-labelledby=\"elementor-tab-title-2045\">Lorem ipsum dolor sit amet, consectet adipiscing\u00a0elit,sed do eiusm por incididunt ut labore et dolore magna aliqua. Ut enim ad minim veniam, quis nostrud exercitation .<\/div>\n\t\t\t\t<\/div>\n\t\t\t\t\t\t\t\t<\/div>\n\t\t\t\t\t\t<\/div>\n\t\t\t\t<\/div>\n\t\t\t\t\t<\/div>\n\t\t\t\t<\/div>\n\t\t\t\t<\/div>","protected":false},"excerpt":{"rendered":"<p>Help &amp; Info Shipping &amp; Delivery Delivery Terms 1. The Service Provider arranges product delivery to users through a third-party transportation agreement. 2. Delivery charges are applied to each order and are displayed in the Delivery Method section of the website. 3. Delivery times vary based on product availability, destination, and chosen delivery method. Estimated [&hellip;]<\/p>\n","protected":false},"author":2,"featured_media":0,"parent":0,"menu_order":0,"comment_status":"closed","ping_status":"closed","template":"elementor_header_footer","meta":{"footnotes":""},"class_list":["post-646","page","type-page","status-publish","hentry"],"jetpack_sharing_enabled":true,"_links":{"self":[{"href":"https:\/\/orilux.fi\/fi\/wp-json\/wp\/v2\/pages\/646","targetHints":{"allow":["GET"]}}],"collection":[{"href":"https:\/\/orilux.fi\/fi\/wp-json\/wp\/v2\/pages"}],"about":[{"href":"https:\/\/orilux.fi\/fi\/wp-json\/wp\/v2\/types\/page"}],"author":[{"embeddable":true,"href":"https:\/\/orilux.fi\/fi\/wp-json\/wp\/v2\/users\/2"}],"replies":[{"embeddable":true,"href":"https:\/\/orilux.fi\/fi\/wp-json\/wp\/v2\/comments?post=646"}],"version-history":[{"count":0,"href":"https:\/\/orilux.fi\/fi\/wp-json\/wp\/v2\/pages\/646\/revisions"}],"wp:attachment":[{"href":"https:\/\/orilux.fi\/fi\/wp-json\/wp\/v2\/media?parent=646"}],"curies":[{"name":"wp","href":"https:\/\/api.w.org\/{rel}","templated":true}]}}