{"id":673,"date":"2024-03-04T22:14:24","date_gmt":"2024-03-04T22:14:24","guid":{"rendered":"http:\/\/shmuel"},"modified":"2025-02-13T01:34:25","modified_gmt":"2025-02-12T23:34:25","slug":"olive-wooden-comb-gentle-hair-care","status":"publish","type":"product","link":"https:\/\/orilux.fi\/fi\/tuote\/olive-wooden-comb-gentle-hair-care\/","title":{"rendered":"Oliivipuinen kampa"},"content":{"rendered":"<div id=\"fb-root\"><\/div>\n<h3><strong>OLIIVIPUUKAMMA \u2013 luonnollinen kosketus terveille hiuksille<\/strong><\/h3>\n<p class=\"translation-block\">Koe <strong>oliivipuukamman hell\u00e4varainen hoito<\/strong>, joka on suunniteltu poistamaan hiukset vaivattomasti ja v\u00e4hent\u00e4m\u00e4\u00e4n staattista s\u00e4hk\u00f6\u00e4 ja katkeilua. K\u00e4sintehty kest\u00e4v\u00e4sti tuotetusta oliivipuusta t\u00e4m\u00e4 kampa on ihanteellinen kaikille hiustyypeille, edist\u00e4\u00e4 p\u00e4\u00e4nahan terveytt\u00e4 ja lis\u00e4\u00e4 ripauksen luonnollista eleganssia itsehoitorutiiniisi.<\/p>","protected":false},"excerpt":{"rendered":"<p>OLIVE WOOD COMB \u2013 A Natural Touch for Healthy Hair Experience the gentle care of an olive wood comb, designed to detangle hair effortlessly while reducing static and breakage. Handcrafted from sustainably sourced olive wood, this comb is ideal for all hair types, promoting scalp health and adding a touch of natural elegance to your [&hellip;]<\/p>\n","protected":false},"featured_media":798,"comment_status":"open","ping_status":"closed","template":"","meta":[],"product_brand":[],"product_cat":[41],"product_tag":[],"class_list":{"0":"post-673","1":"product","2":"type-product","3":"status-publish","4":"has-post-thumbnail","6":"product_cat-olive-wood","8":"first","9":"instock","10":"taxable","11":"shipping-taxable","12":"purchasable","13":"product-type-simple"},"jetpack_sharing_enabled":true,"_links":{"self":[{"href":"https:\/\/orilux.fi\/fi\/wp-json\/wp\/v2\/product\/673","targetHints":{"allow":["GET"]}}],"collection":[{"href":"https:\/\/orilux.fi\/fi\/wp-json\/wp\/v2\/product"}],"about":[{"href":"https:\/\/orilux.fi\/fi\/wp-json\/wp\/v2\/types\/product"}],"replies":[{"embeddable":true,"href":"https:\/\/orilux.fi\/fi\/wp-json\/wp\/v2\/comments?post=673"}],"wp:featuredmedia":[{"embeddable":true,"href":"https:\/\/orilux.fi\/fi\/wp-json\/wp\/v2\/media\/798"}],"wp:attachment":[{"href":"https:\/\/orilux.fi\/fi\/wp-json\/wp\/v2\/media?parent=673"}],"wp:term":[{"taxonomy":"product_brand","embeddable":true,"href":"https:\/\/orilux.fi\/fi\/wp-json\/wp\/v2\/product_brand?post=673"},{"taxonomy":"product_cat","embeddable":true,"href":"https:\/\/orilux.fi\/fi\/wp-json\/wp\/v2\/product_cat?post=673"},{"taxonomy":"product_tag","embeddable":true,"href":"https:\/\/orilux.fi\/fi\/wp-json\/wp\/v2\/product_tag?post=673"}],"curies":[{"name":"wp","href":"https:\/\/api.w.org\/{rel}","templated":true}]}}