{"id":675,"date":"2024-03-04T22:14:24","date_gmt":"2024-03-04T22:14:24","guid":{"rendered":"http:\/\/shmuel"},"modified":"2025-07-10T07:44:50","modified_gmt":"2025-07-10T04:44:50","slug":"discover-exquisite-luxury-handbag-orilux","status":"publish","type":"product","link":"https:\/\/orilux.fi\/fi\/tuote\/discover-exquisite-luxury-handbag-orilux\/","title":{"rendered":"K\u00e4silaukku"},"content":{"rendered":"<div id=\"fb-root\"><\/div>\n<h3><strong>K\u00e4silaukku \u2013 ajatonta eleganssia luonnon kosketuksella<\/strong><\/h3>\n<p class=\"translation-block\">L\u00f6yd\u00e4 t\u00e4ydellinen yhdistelm\u00e4 ylellisyytt\u00e4 ja luontoa t\u00e4ss\u00e4 upeassa k\u00e4sintehdyss\u00e4 k\u00e4silaukussa, jossa on upea oliivipuukahva ja nappikiinnitys. T\u00e4m\u00e4 laadukkaista materiaaleista valmistettu ainutlaatuinen kappale on suunniteltu kest\u00e4v\u00e4n muotin ja k\u00e4sity\u00f6n arvostaville. Oliivipuun rikas, luonnollinen syy kontrasti kauniisti sulavan mustan rungon kanssa, mik\u00e4 tekee siit\u00e4 tyylikk\u00e4\u00e4n mutta maanl\u00e4heisen asusteen kaikkiin tilaisuuksiin.<\/p>\n<p>\ud83c\udf3f <strong>Why You&#8217;ll Love It:<\/strong><br \/>\n\u2714\ufe0f <strong>Handcrafted Elegance<\/strong> \u2013 Unique olive wood detailing for a one-of-a-kind look<br \/>\n\u2714\ufe0f <strong>Sustainable &amp; Ethical<\/strong> \u2013 Made from eco-friendly materials<br \/>\n\u2714\ufe0f <strong>Versatile Style<\/strong> \u2013 Perfect for casual outings or sophisticated evenings<br \/>\n\u2714\ufe0f <strong>Durable &amp; Timeless<\/strong> \u2013 Designed to last with high-quality craftsmanship<\/p>\n<p class=\"translation-block\">Lis\u00e4\u00e4 ripaus <strong>luonnon inspiroimaa hienostuneisuutta<\/strong> vaatekaappiisi t\u00e4ll\u00e4 <strong>ylellisell\u00e4 oliivipuuisella k\u00e4silaukulla<\/strong>. Etsitp\u00e4 sitten tyylik\u00e4st\u00e4 asustetta itsellesi tai harkittua lahjaa, t\u00e4m\u00e4 laukku on t\u00e4ydellinen valinta!<\/p>","protected":false},"excerpt":{"rendered":"<p>HAND BAG \u2013 Timeless Elegance with a Touch of Nature Discover the perfect blend of luxury and nature with this exquisite handcrafted handbag featuring a stunning olive wood handle and button closure. Made from high-quality materials, this unique piece is designed for those who appreciate sustainable fashion and artisanal craftsmanship. The rich, natural grain of [&hellip;]<\/p>\n","protected":false},"featured_media":834,"comment_status":"open","ping_status":"closed","template":"","meta":[],"product_brand":[],"product_cat":[41],"product_tag":[],"class_list":{"0":"post-675","1":"product","2":"type-product","3":"status-publish","4":"has-post-thumbnail","6":"product_cat-olive-wood","8":"first","9":"outofstock","10":"taxable","11":"shipping-taxable","12":"purchasable","13":"product-type-simple"},"jetpack_sharing_enabled":true,"_links":{"self":[{"href":"https:\/\/orilux.fi\/fi\/wp-json\/wp\/v2\/product\/675","targetHints":{"allow":["GET"]}}],"collection":[{"href":"https:\/\/orilux.fi\/fi\/wp-json\/wp\/v2\/product"}],"about":[{"href":"https:\/\/orilux.fi\/fi\/wp-json\/wp\/v2\/types\/product"}],"replies":[{"embeddable":true,"href":"https:\/\/orilux.fi\/fi\/wp-json\/wp\/v2\/comments?post=675"}],"wp:featuredmedia":[{"embeddable":true,"href":"https:\/\/orilux.fi\/fi\/wp-json\/wp\/v2\/media\/834"}],"wp:attachment":[{"href":"https:\/\/orilux.fi\/fi\/wp-json\/wp\/v2\/media?parent=675"}],"wp:term":[{"taxonomy":"product_brand","embeddable":true,"href":"https:\/\/orilux.fi\/fi\/wp-json\/wp\/v2\/product_brand?post=675"},{"taxonomy":"product_cat","embeddable":true,"href":"https:\/\/orilux.fi\/fi\/wp-json\/wp\/v2\/product_cat?post=675"},{"taxonomy":"product_tag","embeddable":true,"href":"https:\/\/orilux.fi\/fi\/wp-json\/wp\/v2\/product_tag?post=675"}],"curies":[{"name":"wp","href":"https:\/\/api.w.org\/{rel}","templated":true}]}}