{"id":676,"date":"2024-03-04T22:14:25","date_gmt":"2024-03-04T22:14:25","guid":{"rendered":"http:\/\/shmuel"},"modified":"2025-10-25T15:44:15","modified_gmt":"2025-10-25T12:44:15","slug":"olive-wood-cutting-board-40cm-orilux","status":"publish","type":"product","link":"https:\/\/orilux.fi\/fi\/tuote\/olive-wood-cutting-board-40cm-orilux\/","title":{"rendered":"Oliivipuun leikkuulauta"},"content":{"rendered":"<div id=\"fb-root\"><\/div>\n<p>Oliivipuusta leikkuulauta<\/p>\n<p>40cm<\/p>\n<h3><strong>OLIIVIPUUN LEIKKUULAUTA \u2013 40 cm rustiikkia t\u00e4ydellisyytt\u00e4<\/strong><\/h3>\n<p class=\"translation-block\">P\u00e4ivit\u00e4 keitti\u00f6si t\u00e4ll\u00e4 <strong>laadukkaalla oliivipuuisella leikkuulaudalla<\/strong>, joka on tunnettu kest\u00e4vyydest\u00e4\u00e4n, antibakteerisista ominaisuuksistaan \u200b\u200bja silmiinpist\u00e4v\u00e4st\u00e4 puun syyst\u00e4\u00e4n. Sen koko on <strong>40\u00a0cm<\/strong> ja se sopii t\u00e4ydellisesti ainesten valmistukseen, leivonnaisten tarjoiluun tai koristeellisena keskipisteen\u00e4. Pakollinen tarjous ruoan yst\u00e4ville ja kotikokeille!<\/p>\n<p>\u2714\ufe0f <strong>100% Natural &amp; Sustainable<\/strong> \u2013 Made from ethically sourced olive wood<br \/>\n\u2714\ufe0f <strong>Rustic &amp; Unique<\/strong> \u2013 No two boards are alike<br \/>\n\u2714\ufe0f <strong>Durable &amp; Knife-Friendly<\/strong> \u2013 Gentle on blades while offering a sturdy surface<br \/>\n\u2714\ufe0f <strong>Versatile Use<\/strong> \u2013 Perfect for cutting, serving, or charcuterie<\/p>","protected":false},"excerpt":{"rendered":"<p>Olive wood Cutting Board 40cm OLIVE WOOD CUTTING BOARD \u2013 40cm of Rustic Perfection Upgrade your kitchen with this premium olive wood cutting board, renowned for its durability, antibacterial properties, and striking wood grain. Measuring 40cm, it\u2019s perfect for prepping ingredients, serving charcuterie, or displaying as a decorative centerpiece. A must-have for food lovers and [&hellip;]<\/p>\n","protected":false},"featured_media":858,"comment_status":"open","ping_status":"closed","template":"","meta":[],"product_brand":[],"product_cat":[41],"product_tag":[],"class_list":{"0":"post-676","1":"product","2":"type-product","3":"status-publish","4":"has-post-thumbnail","6":"product_cat-olive-wood","8":"first","9":"instock","10":"taxable","11":"shipping-taxable","12":"purchasable","13":"product-type-simple"},"jetpack_sharing_enabled":true,"_links":{"self":[{"href":"https:\/\/orilux.fi\/fi\/wp-json\/wp\/v2\/product\/676","targetHints":{"allow":["GET"]}}],"collection":[{"href":"https:\/\/orilux.fi\/fi\/wp-json\/wp\/v2\/product"}],"about":[{"href":"https:\/\/orilux.fi\/fi\/wp-json\/wp\/v2\/types\/product"}],"replies":[{"embeddable":true,"href":"https:\/\/orilux.fi\/fi\/wp-json\/wp\/v2\/comments?post=676"}],"wp:featuredmedia":[{"embeddable":true,"href":"https:\/\/orilux.fi\/fi\/wp-json\/wp\/v2\/media\/858"}],"wp:attachment":[{"href":"https:\/\/orilux.fi\/fi\/wp-json\/wp\/v2\/media?parent=676"}],"wp:term":[{"taxonomy":"product_brand","embeddable":true,"href":"https:\/\/orilux.fi\/fi\/wp-json\/wp\/v2\/product_brand?post=676"},{"taxonomy":"product_cat","embeddable":true,"href":"https:\/\/orilux.fi\/fi\/wp-json\/wp\/v2\/product_cat?post=676"},{"taxonomy":"product_tag","embeddable":true,"href":"https:\/\/orilux.fi\/fi\/wp-json\/wp\/v2\/product_tag?post=676"}],"curies":[{"name":"wp","href":"https:\/\/api.w.org\/{rel}","templated":true}]}}