{"id":862,"date":"2024-08-29T08:17:57","date_gmt":"2024-08-29T08:17:57","guid":{"rendered":"http:\/\/orilux.fi\/?post_type=product&#038;p=862"},"modified":"2025-10-25T15:40:37","modified_gmt":"2025-10-25T12:40:37","slug":"olive-wood-mortar-rustic-14cm-mortar-pestle-orilux","status":"publish","type":"product","link":"https:\/\/orilux.fi\/fi\/tuote\/olive-wood-mortar-rustic-14cm-mortar-pestle-orilux\/","title":{"rendered":"Oliivipuu mortteli &amp; Survin-Rustic 14cm"},"content":{"rendered":"<div id=\"fb-root\"><\/div>\n<p>Olive Wood Morter &amp; Pestle<\/p>\n<p>14cm<\/p>\n<h3><strong>Oliivipuulaasti ja survin \u2013 maalaismaista k\u00e4sity\u00f6t\u00e4 aitoja makuja varten<\/strong><\/h3>\n<p class=\"translation-block\">Tehosta ruoanlaittoasi t\u00e4ll\u00e4 <strong>k\u00e4sintehdyll\u00e4 oliivipuuhuhmareella ja survinella<\/strong> \u2013 t\u00e4ydellinen yrttien, mausteiden ja valkosipulin jauhamiseen ripauksella luonnollista eleganssia.<\/p>\n<p>\u2714\ufe0f <strong>Durable &amp; Naturally Antibacterial<\/strong> \u2013 Safe and long-lasting<br \/>\n\u2714\ufe0f <strong>Unique Rustic Design<\/strong> \u2013 Each piece is one of a kind<br \/>\n\u2714\ufe0f <strong>Perfect for Spices &amp; Herbs<\/strong> \u2013 Release rich, deep flavors<br \/>\n\u2714\ufe0f <strong>Eco-Friendly &amp; Sustainable<\/strong> \u2013 Responsibly sourced olive wood<\/p>","protected":false},"excerpt":{"rendered":"<p>Olive Wood Morter &amp; Pestle 14cm Olive Wood Mortar &amp; Pestle \u2013 Rustic Craftsmanship for Authentic Flavors Enhance your cooking with this handcrafted olive wood mortar &amp; pestle\u2014perfect for grinding herbs, spices, and garlic with a touch of natural elegance. \u2714\ufe0f Durable &amp; Naturally Antibacterial \u2013 Safe and long-lasting \u2714\ufe0f Unique Rustic Design \u2013 Each [&hellip;]<\/p>\n","protected":false},"featured_media":839,"comment_status":"open","ping_status":"closed","template":"","meta":[],"product_brand":[],"product_cat":[41],"product_tag":[],"class_list":{"0":"post-862","1":"product","2":"type-product","3":"status-publish","4":"has-post-thumbnail","6":"product_cat-olive-wood","8":"first","9":"instock","10":"taxable","11":"shipping-taxable","12":"purchasable","13":"product-type-simple"},"jetpack_sharing_enabled":true,"_links":{"self":[{"href":"https:\/\/orilux.fi\/fi\/wp-json\/wp\/v2\/product\/862","targetHints":{"allow":["GET"]}}],"collection":[{"href":"https:\/\/orilux.fi\/fi\/wp-json\/wp\/v2\/product"}],"about":[{"href":"https:\/\/orilux.fi\/fi\/wp-json\/wp\/v2\/types\/product"}],"replies":[{"embeddable":true,"href":"https:\/\/orilux.fi\/fi\/wp-json\/wp\/v2\/comments?post=862"}],"wp:featuredmedia":[{"embeddable":true,"href":"https:\/\/orilux.fi\/fi\/wp-json\/wp\/v2\/media\/839"}],"wp:attachment":[{"href":"https:\/\/orilux.fi\/fi\/wp-json\/wp\/v2\/media?parent=862"}],"wp:term":[{"taxonomy":"product_brand","embeddable":true,"href":"https:\/\/orilux.fi\/fi\/wp-json\/wp\/v2\/product_brand?post=862"},{"taxonomy":"product_cat","embeddable":true,"href":"https:\/\/orilux.fi\/fi\/wp-json\/wp\/v2\/product_cat?post=862"},{"taxonomy":"product_tag","embeddable":true,"href":"https:\/\/orilux.fi\/fi\/wp-json\/wp\/v2\/product_tag?post=862"}],"curies":[{"name":"wp","href":"https:\/\/api.w.org\/{rel}","templated":true}]}}